{"id":49,"date":"2020-09-06T12:29:57","date_gmt":"2020-09-06T10:29:57","guid":{"rendered":"http:\/\/prodis.pbf.hr\/?page_id=49"},"modified":"2025-01-13T15:50:52","modified_gmt":"2025-01-13T14:50:52","slug":"o-nama","status":"publish","type":"page","link":"http:\/\/sweetyeast.pbf.hr\/index.php\/o-nama\/","title":{"rendered":"O nama"},"content":{"rendered":"\n<p id=\"block-93a9aae1-765f-4db4-a907-b5bfa0c66b82\"><strong>Voditelj:<\/strong><\/p>\n\n\n\n<p><a href=\"http:\/\/www.pbf.unizg.hr\/zavodi\/zavod_za_kemiju_i_biokemiju\/laboratorij_za_biokemiju\/igor_stuparevic\" target=\"_blank\" rel=\"noreferrer noopener\">izv. prof. dr. sc. Igor Stuparevi\u0107<\/a> \/\/ izvanredni profesor, Laboratorij za biokemiju, Prehrambeno-biotehnolo\u0161ki fakultet, Sveu\u010dili\u0161te u Zagrebu, Republika Hrvatska<\/p>\n\n\n\n<p id=\"block-93a9aae1-765f-4db4-a907-b5bfa0c66b82\"><strong>Suradnici:<\/strong><\/p>\n\n\n\n<p><a href=\"http:\/\/www.pbf.unizg.hr\/zavodi\/zavod_za_kemiju_i_biokemiju\/laboratorij_za_biokemiju\/renata_teparic\" target=\"_blank\" rel=\"noreferrer noopener\">prof. dr. sc. Renata Tepari\u0107<\/a> \/\/ redoviti profesor, Laboratorij za biokemiju, Prehrambeno-biotehnolo\u0161ki fakultet, Sveu\u010dili\u0161te u Zagrebu, Republika Hrvatska<\/p>\n\n\n\n<p><a href=\"http:\/\/www.pbf.unizg.hr\/zavodi\/zavod_za_kemiju_i_biokemiju\/laboratorij_za_biokemiju\/bojan_zunar\" target=\"_blank\" rel=\"noreferrer noopener\">doc. dr. sc. Bojan \u017dunar<\/a> \/\/ docent, Laboratorij za biokemiju, Prehrambeno-biotehnolo\u0161ki fakultet, Sveu\u010dili\u0161te u Zagrebu, Republika Hrvatska<\/p>\n\n\n\n<p><a href=\"http:\/\/www.pbf.unizg.hr\/zavodi\/zavod_za_poznavanje_i_kontrolu_sirovina_i_prehrambenih_proizvoda\/laboratorij_za_kontrolu_kvalitete_u_prehrambenoj_industriji\/marina_krpan\" data-type=\"link\" data-id=\"http:\/\/www.pbf.unizg.hr\/zavodi\/zavod_za_poznavanje_i_kontrolu_sirovina_i_prehrambenih_proizvoda\/laboratorij_za_kontrolu_kvalitete_u_prehrambenoj_industriji\/marina_krpan\">izv. prof. dr. sc. Marina Krpan<\/a> \/\/ izvanredni profesor, Laboratorij za kontrolu kvalitete u prehrambenoj industriji, Prehrambeno-biotehnolo\u0161ki fakultet, Sveu\u010dili\u0161te u Zagrebu, Republika Hrvatska<\/p>\n\n\n\n<p><a href=\"http:\/\/www.pbf.unizg.hr\/zavodi\/zavod_za_kemiju_i_biokemiju\/laboratorij_za_biokemiju\/ana_novacic\" target=\"_blank\" rel=\"noreferrer noopener\">dr. sc. Ana Nova\u010di\u0107<\/a> \/\/ vi\u0161i asistent, Laboratorij za biokemiju, Prehrambeno-biotehnolo\u0161ki fakultet, Sveu\u010dili\u0161te u Zagrebu, Republika Hrvatska<\/p>\n\n\n\n<p id=\"block-161cd60c-a126-4ad6-ac86-c7c30ad02bcf\"><a href=\"https:\/\/www.linkedin.com\/in\/mirta-boban-35695014\/\">znan. sur. dr. sc. Mirta Boban<\/a> \/\/ znanstveni suradnik, Hrvatski institut za istra\u017eivanje mozga, Medicinski fakultet, Sveu\u010dili\u0161te u Zagrebu, Republika Hrvatska<\/p>\n\n\n\n<p id=\"block-b264263c-74d0-46b7-980c-442a532eddf6\"><a href=\"https:\/\/www.linkedin.com\/in\/nino-sincic\/\">izv. prof. dr. sc. Nino Sin\u010di\u0107<\/a> \/\/ izvanredni profesor, Medicinski fakultet, Sveu\u010dili\u0161te u Zagrebu, Republika Hrvatska<\/p>\n\n\n\n<p><a href=\"https:\/\/www.linkedin.com\/in\/mihaela-pravica-3b99401a2\/\">Mihaela Pravica, mag. educ. biol. et chem.<\/a> \/\/ doktorand, Hrvatski institut za istra\u017eivanje mozga, Medicinski fakultet, Sveu\u010dili\u0161te u Zagrebu, Republika Hrvatska<\/p>\n\n\n\n<p><a href=\"https:\/\/www.pbf.unizg.hr\/zavodi\/zavod_za_kemiju_i_biokemiju\/laboratorij_za_biokemiju\/romana_ivkovic\" target=\"_blank\" rel=\"noreferrer noopener\">Romana Ivkovi\u0107, mag. ing. biotechn.<\/a> \/\/ doktorand, Laboratorij za biokemiju, Prehrambeno-biotehnolo\u0161ki fakultet, Sveu\u010dili\u0161te u Zagrebu, Republika Hrvatska<\/p>\n","protected":false},"excerpt":{"rendered":"<p>Voditelj: izv. prof. dr. sc. Igor Stuparevi\u0107 \/\/ izvanredni profesor, Laboratorij za biokemiju, Prehrambeno-biotehnolo\u0161ki fakultet, Sveu\u010dili\u0161te u Zagrebu, Republika Hrvatska Suradnici: prof. dr. sc. Renata Tepari\u0107 \/\/ redoviti profesor, Laboratorij za biokemiju, Prehrambeno-biotehnolo\u0161ki fakultet, Sveu\u010dili\u0161te u Zagrebu, Republika Hrvatska doc. dr. sc. Bojan \u017dunar \/\/ docent, Laboratorij za biokemiju, Prehrambeno-biotehnolo\u0161ki fakultet, Sveu\u010dili\u0161te u Zagrebu, Republika &hellip; <\/p>\n<p class=\"link-more\"><a href=\"http:\/\/sweetyeast.pbf.hr\/index.php\/o-nama\/\" class=\"more-link\">Continue reading<span class=\"screen-reader-text\"> &#8220;O nama&#8221;<\/span><\/a><\/p>\n","protected":false},"author":1,"featured_media":243,"parent":0,"menu_order":0,"comment_status":"closed","ping_status":"closed","template":"","meta":{"footnotes":""},"_links":{"self":[{"href":"http:\/\/sweetyeast.pbf.hr\/index.php\/wp-json\/wp\/v2\/pages\/49"}],"collection":[{"href":"http:\/\/sweetyeast.pbf.hr\/index.php\/wp-json\/wp\/v2\/pages"}],"about":[{"href":"http:\/\/sweetyeast.pbf.hr\/index.php\/wp-json\/wp\/v2\/types\/page"}],"author":[{"embeddable":true,"href":"http:\/\/sweetyeast.pbf.hr\/index.php\/wp-json\/wp\/v2\/users\/1"}],"replies":[{"embeddable":true,"href":"http:\/\/sweetyeast.pbf.hr\/index.php\/wp-json\/wp\/v2\/comments?post=49"}],"version-history":[{"count":2,"href":"http:\/\/sweetyeast.pbf.hr\/index.php\/wp-json\/wp\/v2\/pages\/49\/revisions"}],"predecessor-version":[{"id":283,"href":"http:\/\/sweetyeast.pbf.hr\/index.php\/wp-json\/wp\/v2\/pages\/49\/revisions\/283"}],"wp:featuredmedia":[{"embeddable":true,"href":"http:\/\/sweetyeast.pbf.hr\/index.php\/wp-json\/wp\/v2\/media\/243"}],"wp:attachment":[{"href":"http:\/\/sweetyeast.pbf.hr\/index.php\/wp-json\/wp\/v2\/media?parent=49"}],"curies":[{"name":"wp","href":"https:\/\/api.w.org\/{rel}","templated":true}]}}