{"id":115,"date":"2020-09-09T21:23:53","date_gmt":"2020-09-09T19:23:53","guid":{"rendered":"http:\/\/prodis.pbf.hr\/?page_id=115"},"modified":"2025-01-13T15:27:44","modified_gmt":"2025-01-13T14:27:44","slug":"dissemination","status":"publish","type":"page","link":"http:\/\/sweetyeast.pbf.hr\/index.php\/en\/dissemination\/","title":{"rendered":"Dissemination"},"content":{"rendered":"\n<p>Martini\u0107 Cezar, T., Mar\u0111etko, N., Trontel, A., Pai\u0107, A., Slavica, A., Tepari\u0107, R., \u017dunar, B. (2024). Engineering&nbsp;<em>Saccharomyces cerevisiae<\/em>&nbsp;for the production of natural osmolyte glucosyl glycerol from sucrose and glycerol through Ccw12-based surface display of sucrose phosphorylase.&nbsp;<em>Journal of Biological Engineering<\/em>&nbsp;<strong>18<\/strong>, 69. <a href=\"https:\/\/doi.org\/10.1186\/s13036-024-00468-7\" target=\"_blank\" rel=\"noreferrer noopener\">https:\/\/doi.org\/10.1186\/s13036-024-00468-7<\/a><\/p>\n\n\n\n<p>Martini\u0107 Cezar, T., Pai\u0107, A., Prekpalaj, S., Tepari\u0107, R., \u017dunar, B. &amp; Stuparevi\u0107, I. (2024). Measuring the capacity of yeast for surface display of cell wall\u2010anchored protein isoforms by using \u03b2\u2010lactamase as a reporter enzyme. <em>FEBS Open Bio<\/em>. <a href=\"https:\/\/doi.org\/10.1002\/2211-5463.13886\" target=\"_blank\" rel=\"noreferrer noopener\"><\/a><a href=\"https:\/\/doi.org\/10.1002\/2211-5463.13886\">https:\/\/doi.org\/10.1002\/2211-5463.13886<\/a><\/p>\n","protected":false},"excerpt":{"rendered":"<p>Martini\u0107 Cezar, T., Mar\u0111etko, N., Trontel, A., Pai\u0107, A., Slavica, A., Tepari\u0107, R., \u017dunar, B. (2024). Engineering&nbsp;Saccharomyces cerevisiae&nbsp;for the production of natural osmolyte glucosyl glycerol from sucrose and glycerol through Ccw12-based surface display of sucrose phosphorylase.&nbsp;Journal of Biological Engineering&nbsp;18, 69. https:\/\/doi.org\/10.1186\/s13036-024-00468-7 Martini\u0107 Cezar, T., Pai\u0107, A., Prekpalaj, S., Tepari\u0107, R., \u017dunar, B. &amp; Stuparevi\u0107, I. &hellip; <\/p>\n<p class=\"link-more\"><a href=\"http:\/\/sweetyeast.pbf.hr\/index.php\/en\/dissemination\/\" class=\"more-link\">Continue reading<span class=\"screen-reader-text\"> &#8220;Dissemination&#8221;<\/span><\/a><\/p>\n","protected":false},"author":1,"featured_media":265,"parent":0,"menu_order":0,"comment_status":"closed","ping_status":"closed","template":"","meta":{"footnotes":""},"_links":{"self":[{"href":"http:\/\/sweetyeast.pbf.hr\/index.php\/wp-json\/wp\/v2\/pages\/115"}],"collection":[{"href":"http:\/\/sweetyeast.pbf.hr\/index.php\/wp-json\/wp\/v2\/pages"}],"about":[{"href":"http:\/\/sweetyeast.pbf.hr\/index.php\/wp-json\/wp\/v2\/types\/page"}],"author":[{"embeddable":true,"href":"http:\/\/sweetyeast.pbf.hr\/index.php\/wp-json\/wp\/v2\/users\/1"}],"replies":[{"embeddable":true,"href":"http:\/\/sweetyeast.pbf.hr\/index.php\/wp-json\/wp\/v2\/comments?post=115"}],"version-history":[{"count":2,"href":"http:\/\/sweetyeast.pbf.hr\/index.php\/wp-json\/wp\/v2\/pages\/115\/revisions"}],"predecessor-version":[{"id":271,"href":"http:\/\/sweetyeast.pbf.hr\/index.php\/wp-json\/wp\/v2\/pages\/115\/revisions\/271"}],"wp:featuredmedia":[{"embeddable":true,"href":"http:\/\/sweetyeast.pbf.hr\/index.php\/wp-json\/wp\/v2\/media\/265"}],"wp:attachment":[{"href":"http:\/\/sweetyeast.pbf.hr\/index.php\/wp-json\/wp\/v2\/media?parent=115"}],"curies":[{"name":"wp","href":"https:\/\/api.w.org\/{rel}","templated":true}]}}